{"id":1920,"date":"2021-02-17T11:29:33","date_gmt":"2021-02-17T11:29:33","guid":{"rendered":"https:\/\/traceus.eu\/resources\/"},"modified":"2022-10-11T05:00:43","modified_gmt":"2022-10-11T05:00:43","slug":"resources","status":"publish","type":"page","link":"https:\/\/traceus.eu\/es\/resources\/","title":{"rendered":"Recursos"},"content":{"rendered":"<h1>RECURSOS<\/h1>\n<p><img decoding=\"async\" src=\"\/wp-content\/uploads\/2021\/03\/res1.png\" alt=\"\"><\/p>\n<h3>MANUAL DE ENTRENAMIENTO<\/h3>\n<div>Un curso de capacitaci\u00f3n en l\u00ednea para adultos mayores y migrantes que desean convertirse en autores de materiales de aprendizaje digitales y registrar sus recetas y tradiciones\/historias culturales relacionadas con su cocina y compartirlas con otros. La formaci\u00f3n consta de elementos tanto en l\u00ednea como presenciales. Sigue un enfoque de grabaci\u00f3n de video modular utilizando tel\u00e9fonos m\u00f3viles para presentar sus recetas y tradiciones.<\/div>\n<p><img decoding=\"async\" src=\"\/wp-content\/uploads\/2021\/03\/res2.png\" alt=\"\"><\/p>\n<h3>IMPLEMENTACI\u00d3N PILOTO<\/h3>\n<div>Seleccionaremos grupos de cada pa\u00eds socio y probaremos la usabilidad del contenido de la plataforma y la facilidad de acceso. Se les pedir\u00e1 que utilicen la plataforma para contribuir haciendo su propio video y subi\u00e9ndolo, y que documenten su intento por escrito y en un foro que contribuir\u00e1 al desarrollo futuro de la plataforma y los materiales de capacitaci\u00f3n. Estos grupos estar\u00e1n formados por personas con discapacidad o j\u00f3venes para demostrar la transferibilidad del proyecto.<\/div>\n<p><!--more--><br \/>\n<!-- {\"name\":\"other page layout\",\"type\":\"layout\",\"children\":[{\"type\":\"section\",\"props\":{\"style\":\"default\",\"width\":\"default\",\"vertical_align\":\"middle\",\"title_position\":\"top-left\",\"title_rotation\":\"left\",\"title_breakpoint\":\"xl\",\"image_position\":\"center-center\",\"padding_remove_top\":false,\"animation\":\"slide-bottom-medium\",\"padding\":\"small\"},\"children\":[{\"type\":\"row\",\"children\":[{\"type\":\"column\",\"props\":{\"image_position\":\"center-center\",\"media_overlay_gradient\":\"\"},\"children\":[{\"type\":\"headline\",\"props\":{\"title_element\":\"h1\",\"content\":\"RECURSOS\",\"title_style\":\"h1\",\"class\":\"color-blue acidbold\"}}]}]},{\"type\":\"row\",\"props\":{\"layout\":\"1-3,2-3\"},\"children\":[{\"type\":\"column\",\"props\":{\"image_position\":\"center-center\",\"media_overlay_gradient\":\"\",\"width_medium\":\"1-3\",\"vertical_align\":\"middle\"},\"children\":[{\"type\":\"image\",\"props\":{\"margin\":\"default\",\"image_svg_color\":\"emphasis\",\"image\":\"wp-content\\\/uploads\\\/2021\\\/03\\\/res1.png\",\"class\":\"el-image-mobile el-image-minus15\",\"text_align\":\"center\"}}]},{\"type\":\"column\",\"props\":{\"image_position\":\"center-center\",\"media_overlay_gradient\":\"\",\"width_medium\":\"2-3\",\"vertical_align\":\"middle\"},\"children\":[{\"type\":\"headline\",\"props\":{\"title_element\":\"h3\",\"title_style\":\"h3\",\"class\":\"color-red acidbold\",\"content\":\"MANUAL DE ENTRENAMIENTO\",\"margin_remove_bottom\":true}},{\"type\":\"text\",\"props\":{\"margin\":\"default\",\"column_breakpoint\":\"m\",\"content\":\"Un curso de capacitaci\\u00f3n en l\\u00ednea para adultos mayores y migrantes que desean convertirse en autores de materiales de aprendizaje digitales y registrar sus recetas y tradiciones\\\/historias culturales relacionadas con su cocina y compartirlas con otros. La formaci\\u00f3n consta de elementos tanto en l\\u00ednea como presenciales. Sigue un enfoque de grabaci\\u00f3n de video modular utilizando tel\\u00e9fonos m\\u00f3viles para presentar sus recetas y tradiciones.\",\"css\":\".el-element{\\nfont-family:Roboto;\\n}\",\"margin_remove_top\":true,\"class\":\"\"}}]}]},{\"type\":\"row\",\"props\":{\"layout\":\"1-3,2-3\"},\"children\":[{\"type\":\"column\",\"props\":{\"image_position\":\"center-center\",\"media_overlay_gradient\":\"\",\"width_medium\":\"1-3\",\"vertical_align\":\"middle\"},\"children\":[{\"type\":\"image\",\"props\":{\"margin\":\"default\",\"image_svg_color\":\"emphasis\",\"image\":\"wp-content\\\/uploads\\\/2021\\\/03\\\/res2.png\",\"class\":\"el-image-mobile el-image-minus15\",\"text_align\":\"left\"}}]},{\"type\":\"column\",\"props\":{\"image_position\":\"center-center\",\"media_overlay_gradient\":\"\",\"width_medium\":\"2-3\",\"vertical_align\":\"middle\"},\"children\":[{\"type\":\"headline\",\"props\":{\"title_element\":\"h3\",\"title_style\":\"h3\",\"class\":\"color-red acidbold\",\"content\":\"IMPLEMENTACI\\u00d3N PILOTO\",\"margin_remove_bottom\":true}},{\"type\":\"text\",\"props\":{\"margin\":\"default\",\"column_breakpoint\":\"m\",\"content\":\"Seleccionaremos grupos de cada pa\\u00eds socio y probaremos la usabilidad del contenido de la plataforma y la facilidad de acceso. Se les pedir\\u00e1 que utilicen la plataforma para contribuir haciendo su propio video y subi\\u00e9ndolo, y que documenten su intento por escrito y en un foro que contribuir\\u00e1 al desarrollo futuro de la plataforma y los materiales de capacitaci\\u00f3n. Estos grupos estar\\u00e1n formados por personas con discapacidad o j\\u00f3venes para demostrar la transferibilidad del proyecto.\",\"css\":\".el-element{\\nfont-family:Roboto;\\n}\",\"margin_remove_top\":true,\"class\":\"\"}}]}]}]}],\"version\":\"2.4.12\"} --><\/p>\n","protected":false},"excerpt":{"rendered":"<p>RECURSOS MANUAL DE ENTRENAMIENTO Un curso de capacitaci\u00f3n en l\u00ednea para adultos mayores y migrantes que desean convertirse en autores de materiales de aprendizaje digitales..<\/p>\n","protected":false},"author":3,"featured_media":0,"parent":0,"menu_order":0,"comment_status":"closed","ping_status":"closed","template":"","meta":{"_acf_changed":false,"footnotes":""},"class_list":["post-1920","page","type-page","status-publish","hentry"],"acf":[],"yoast_head":"<!-- This site is optimized with the Yoast SEO plugin v27.0 - https:\/\/yoast.com\/product\/yoast-seo-wordpress\/ -->\n<title>Recursos - TRACEUS<\/title>\n<meta name=\"description\" content=\"Traditions, Recipes, &amp; Cuisines of Europe using Smartphones\" \/>\n<meta name=\"robots\" content=\"index, follow, max-snippet:-1, max-image-preview:large, max-video-preview:-1\" \/>\n<link rel=\"canonical\" href=\"https:\/\/traceus.eu\/es\/resources\/\" \/>\n<meta property=\"og:locale\" content=\"es_ES\" \/>\n<meta property=\"og:type\" content=\"article\" \/>\n<meta property=\"og:title\" content=\"Recursos - TRACEUS\" \/>\n<meta property=\"og:description\" content=\"Traditions, Recipes, &amp; Cuisines of Europe using Smartphones\" \/>\n<meta property=\"og:url\" content=\"https:\/\/traceus.eu\/es\/resources\/\" \/>\n<meta property=\"og:site_name\" content=\"TRACEUS\" \/>\n<meta property=\"article:modified_time\" content=\"2022-10-11T05:00:43+00:00\" \/>\n<meta name=\"twitter:card\" content=\"summary_large_image\" \/>\n<meta name=\"twitter:label1\" content=\"Tiempo de lectura\" \/>\n\t<meta name=\"twitter:data1\" content=\"1 minuto\" \/>\n<script type=\"application\/ld+json\" class=\"yoast-schema-graph\">{\"@context\":\"https:\/\/schema.org\",\"@graph\":[{\"@type\":\"WebPage\",\"@id\":\"https:\/\/traceus.eu\/es\/resources\/\",\"url\":\"https:\/\/traceus.eu\/es\/resources\/\",\"name\":\"Recursos - TRACEUS\",\"isPartOf\":{\"@id\":\"https:\/\/traceus.eu\/#website\"},\"datePublished\":\"2021-02-17T11:29:33+00:00\",\"dateModified\":\"2022-10-11T05:00:43+00:00\",\"description\":\"Traditions, Recipes, & Cuisines of Europe using Smartphones\",\"breadcrumb\":{\"@id\":\"https:\/\/traceus.eu\/es\/resources\/#breadcrumb\"},\"inLanguage\":\"es\",\"potentialAction\":[{\"@type\":\"ReadAction\",\"target\":[\"https:\/\/traceus.eu\/es\/resources\/\"]}]},{\"@type\":\"BreadcrumbList\",\"@id\":\"https:\/\/traceus.eu\/es\/resources\/#breadcrumb\",\"itemListElement\":[{\"@type\":\"ListItem\",\"position\":1,\"name\":\"Home\",\"item\":\"https:\/\/traceus.eu\/es\/\"},{\"@type\":\"ListItem\",\"position\":2,\"name\":\"Recursos\"}]},{\"@type\":\"WebSite\",\"@id\":\"https:\/\/traceus.eu\/#website\",\"url\":\"https:\/\/traceus.eu\/\",\"name\":\"TRACEUS\",\"description\":\"Traditions, Recipes, &amp; Cuisines of Europe using Smartphones\",\"publisher\":{\"@id\":\"https:\/\/traceus.eu\/#organization\"},\"potentialAction\":[{\"@type\":\"SearchAction\",\"target\":{\"@type\":\"EntryPoint\",\"urlTemplate\":\"https:\/\/traceus.eu\/?s={search_term_string}\"},\"query-input\":{\"@type\":\"PropertyValueSpecification\",\"valueRequired\":true,\"valueName\":\"search_term_string\"}}],\"inLanguage\":\"es\"},{\"@type\":\"Organization\",\"@id\":\"https:\/\/traceus.eu\/#organization\",\"name\":\"TRACEUS\",\"url\":\"https:\/\/traceus.eu\/\",\"logo\":{\"@type\":\"ImageObject\",\"inLanguage\":\"es\",\"@id\":\"https:\/\/traceus.eu\/#\/schema\/logo\/image\/\",\"url\":\"https:\/\/traceus.eu\/wp-content\/uploads\/2021\/04\/2021-04-13-09_56_48-Window.png\",\"contentUrl\":\"https:\/\/traceus.eu\/wp-content\/uploads\/2021\/04\/2021-04-13-09_56_48-Window.png\",\"width\":826,\"height\":690,\"caption\":\"TRACEUS\"},\"image\":{\"@id\":\"https:\/\/traceus.eu\/#\/schema\/logo\/image\/\"}}]}<\/script>\n<!-- \/ Yoast SEO plugin. -->","yoast_head_json":{"title":"Recursos - TRACEUS","description":"Traditions, Recipes, & Cuisines of Europe using Smartphones","robots":{"index":"index","follow":"follow","max-snippet":"max-snippet:-1","max-image-preview":"max-image-preview:large","max-video-preview":"max-video-preview:-1"},"canonical":"https:\/\/traceus.eu\/es\/resources\/","og_locale":"es_ES","og_type":"article","og_title":"Recursos - TRACEUS","og_description":"Traditions, Recipes, & Cuisines of Europe using Smartphones","og_url":"https:\/\/traceus.eu\/es\/resources\/","og_site_name":"TRACEUS","article_modified_time":"2022-10-11T05:00:43+00:00","twitter_card":"summary_large_image","twitter_misc":{"Tiempo de lectura":"1 minuto"},"schema":{"@context":"https:\/\/schema.org","@graph":[{"@type":"WebPage","@id":"https:\/\/traceus.eu\/es\/resources\/","url":"https:\/\/traceus.eu\/es\/resources\/","name":"Recursos - TRACEUS","isPartOf":{"@id":"https:\/\/traceus.eu\/#website"},"datePublished":"2021-02-17T11:29:33+00:00","dateModified":"2022-10-11T05:00:43+00:00","description":"Traditions, Recipes, & Cuisines of Europe using Smartphones","breadcrumb":{"@id":"https:\/\/traceus.eu\/es\/resources\/#breadcrumb"},"inLanguage":"es","potentialAction":[{"@type":"ReadAction","target":["https:\/\/traceus.eu\/es\/resources\/"]}]},{"@type":"BreadcrumbList","@id":"https:\/\/traceus.eu\/es\/resources\/#breadcrumb","itemListElement":[{"@type":"ListItem","position":1,"name":"Home","item":"https:\/\/traceus.eu\/es\/"},{"@type":"ListItem","position":2,"name":"Recursos"}]},{"@type":"WebSite","@id":"https:\/\/traceus.eu\/#website","url":"https:\/\/traceus.eu\/","name":"TRACEUS","description":"Traditions, Recipes, &amp; Cuisines of Europe using Smartphones","publisher":{"@id":"https:\/\/traceus.eu\/#organization"},"potentialAction":[{"@type":"SearchAction","target":{"@type":"EntryPoint","urlTemplate":"https:\/\/traceus.eu\/?s={search_term_string}"},"query-input":{"@type":"PropertyValueSpecification","valueRequired":true,"valueName":"search_term_string"}}],"inLanguage":"es"},{"@type":"Organization","@id":"https:\/\/traceus.eu\/#organization","name":"TRACEUS","url":"https:\/\/traceus.eu\/","logo":{"@type":"ImageObject","inLanguage":"es","@id":"https:\/\/traceus.eu\/#\/schema\/logo\/image\/","url":"https:\/\/traceus.eu\/wp-content\/uploads\/2021\/04\/2021-04-13-09_56_48-Window.png","contentUrl":"https:\/\/traceus.eu\/wp-content\/uploads\/2021\/04\/2021-04-13-09_56_48-Window.png","width":826,"height":690,"caption":"TRACEUS"},"image":{"@id":"https:\/\/traceus.eu\/#\/schema\/logo\/image\/"}}]}},"_links":{"self":[{"href":"https:\/\/traceus.eu\/es\/wp-json\/wp\/v2\/pages\/1920","targetHints":{"allow":["GET"]}}],"collection":[{"href":"https:\/\/traceus.eu\/es\/wp-json\/wp\/v2\/pages"}],"about":[{"href":"https:\/\/traceus.eu\/es\/wp-json\/wp\/v2\/types\/page"}],"author":[{"embeddable":true,"href":"https:\/\/traceus.eu\/es\/wp-json\/wp\/v2\/users\/3"}],"replies":[{"embeddable":true,"href":"https:\/\/traceus.eu\/es\/wp-json\/wp\/v2\/comments?post=1920"}],"version-history":[{"count":5,"href":"https:\/\/traceus.eu\/es\/wp-json\/wp\/v2\/pages\/1920\/revisions"}],"predecessor-version":[{"id":2184,"href":"https:\/\/traceus.eu\/es\/wp-json\/wp\/v2\/pages\/1920\/revisions\/2184"}],"wp:attachment":[{"href":"https:\/\/traceus.eu\/es\/wp-json\/wp\/v2\/media?parent=1920"}],"curies":[{"name":"wp","href":"https:\/\/api.w.org\/{rel}","templated":true}]}}