{"id":1918,"date":"2021-02-17T11:29:33","date_gmt":"2021-02-17T11:29:33","guid":{"rendered":"https:\/\/traceus.eu\/resources\/"},"modified":"2022-09-30T05:02:27","modified_gmt":"2022-09-30T05:02:27","slug":"resources","status":"publish","type":"page","link":"https:\/\/traceus.eu\/fr\/resources\/","title":{"rendered":"Ressources"},"content":{"rendered":"<h1>RESSOURCES<\/h1>\n<p><img decoding=\"async\" src=\"\/wp-content\/uploads\/2021\/03\/res1.png\" alt=\"\"><\/p>\n<h3>MANUEL DE FORMATION<br \/>\n<\/h3>\n<div>Un cours de formation en ligne pour les personnes \u00e2g\u00e9es et les migrants qui souhaitent devenir auteurs de mat\u00e9riel d&rsquo;apprentissage num\u00e9rique et enregistrer leurs recettes et traditions\/histoires culturelles li\u00e9es \u00e0 leur cuisine et les partager avec d&rsquo;autres. La formation comprend des \u00e9l\u00e9ments en ligne et en face \u00e0 face. Il suit une approche d&rsquo;enregistrement vid\u00e9o modulaire utilisant des t\u00e9l\u00e9phones portables pour pr\u00e9senter leurs recettes et leurs traditions.<\/div>\n<p><img decoding=\"async\" src=\"\/wp-content\/uploads\/2021\/03\/res2.png\" alt=\"\"><\/p>\n<h3>MISE EN \u0152UVRE DES PILOTES <\/h3>\n<div>Nous s\u00e9lectionnerons des groupes de chaque pays partenaire et testerons la convivialit\u00e9 du contenu de la plateforme et la facilit\u00e9 d&rsquo;acc\u00e8s. Il leur sera demand\u00e9 d&rsquo;utiliser la plateforme pour contribuer en r\u00e9alisant leur propre vid\u00e9o et en la t\u00e9l\u00e9chargeant et de documenter leur tentative par \u00e9crit et sur un forum qui contribuera au d\u00e9veloppement ult\u00e9rieur de la plateforme et du mat\u00e9riel de formation. Ces groupes seront compos\u00e9s de personnes en situation de handicap ou de jeunes pour d\u00e9montrer la transf\u00e9rabilit\u00e9 du projet.<\/div>\n<p><!--more--><br \/>\n<!-- {\"name\":\"other page layout\",\"type\":\"layout\",\"children\":[{\"type\":\"section\",\"props\":{\"style\":\"default\",\"width\":\"default\",\"vertical_align\":\"middle\",\"title_position\":\"top-left\",\"title_rotation\":\"left\",\"title_breakpoint\":\"xl\",\"image_position\":\"center-center\",\"padding_remove_top\":false,\"animation\":\"slide-bottom-medium\",\"padding\":\"small\"},\"children\":[{\"type\":\"row\",\"children\":[{\"type\":\"column\",\"props\":{\"image_position\":\"center-center\",\"media_overlay_gradient\":\"\"},\"children\":[{\"type\":\"headline\",\"props\":{\"title_element\":\"h1\",\"content\":\"RESSOURCES\",\"title_style\":\"h1\",\"class\":\"color-blue acidbold\"}}]}]},{\"type\":\"row\",\"props\":{\"layout\":\"1-3,2-3\"},\"children\":[{\"type\":\"column\",\"props\":{\"image_position\":\"center-center\",\"media_overlay_gradient\":\"\",\"width_medium\":\"1-3\",\"vertical_align\":\"middle\"},\"children\":[{\"type\":\"image\",\"props\":{\"margin\":\"default\",\"image_svg_color\":\"emphasis\",\"image\":\"wp-content\\\/uploads\\\/2021\\\/03\\\/res1.png\",\"class\":\"el-image-mobile el-image-minus15\",\"text_align\":\"center\"}}]},{\"type\":\"column\",\"props\":{\"image_position\":\"center-center\",\"media_overlay_gradient\":\"\",\"width_medium\":\"2-3\",\"vertical_align\":\"middle\"},\"children\":[{\"type\":\"headline\",\"props\":{\"title_element\":\"h3\",\"title_style\":\"h3\",\"class\":\"color-red acidbold\",\"content\":\"MANUEL DE FORMATION\\n\",\"margin_remove_bottom\":true}},{\"type\":\"text\",\"props\":{\"margin\":\"default\",\"column_breakpoint\":\"m\",\"content\":\"Un cours de formation en ligne pour les personnes \\u00e2g\\u00e9es et les migrants qui souhaitent devenir auteurs de mat\\u00e9riel d'apprentissage num\\u00e9rique et enregistrer leurs recettes et traditions\\\/histoires culturelles li\\u00e9es \\u00e0 leur cuisine et les partager avec d'autres. La formation comprend des \\u00e9l\\u00e9ments en ligne et en face \\u00e0 face. Il suit une approche d'enregistrement vid\\u00e9o modulaire utilisant des t\\u00e9l\\u00e9phones portables pour pr\\u00e9senter leurs recettes et leurs traditions.\",\"css\":\".el-element{\\nfont-family:Roboto;\\n}\",\"margin_remove_top\":true,\"class\":\"\"}}]}]},{\"type\":\"row\",\"props\":{\"layout\":\"1-3,2-3\"},\"children\":[{\"type\":\"column\",\"props\":{\"image_position\":\"center-center\",\"media_overlay_gradient\":\"\",\"width_medium\":\"1-3\",\"vertical_align\":\"middle\"},\"children\":[{\"type\":\"image\",\"props\":{\"margin\":\"default\",\"image_svg_color\":\"emphasis\",\"image\":\"wp-content\\\/uploads\\\/2021\\\/03\\\/res2.png\",\"class\":\"el-image-mobile el-image-minus15\",\"text_align\":\"left\"}}]},{\"type\":\"column\",\"props\":{\"image_position\":\"center-center\",\"media_overlay_gradient\":\"\",\"width_medium\":\"2-3\",\"vertical_align\":\"middle\"},\"children\":[{\"type\":\"headline\",\"props\":{\"title_element\":\"h3\",\"title_style\":\"h3\",\"class\":\"color-red acidbold\",\"content\":\"MISE EN \\u0152UVRE DES PILOTES \",\"margin_remove_bottom\":true}},{\"type\":\"text\",\"props\":{\"margin\":\"default\",\"column_breakpoint\":\"m\",\"content\":\"Nous s\\u00e9lectionnerons des groupes de chaque pays partenaire et testerons la convivialit\\u00e9 du contenu de la plateforme et la facilit\\u00e9 d'acc\\u00e8s. Il leur sera demand\\u00e9 d'utiliser la plateforme pour contribuer en r\\u00e9alisant leur propre vid\\u00e9o et en la t\\u00e9l\\u00e9chargeant et de documenter leur tentative par \\u00e9crit et sur un forum qui contribuera au d\\u00e9veloppement ult\\u00e9rieur de la plateforme et du mat\\u00e9riel de formation. Ces groupes seront compos\\u00e9s de personnes en situation de handicap ou de jeunes pour d\\u00e9montrer la transf\\u00e9rabilit\\u00e9 du projet.\",\"css\":\".el-element{\\nfont-family:Roboto;\\n}\",\"margin_remove_top\":true,\"class\":\"\"}}]}]}]}],\"version\":\"2.4.12\"} --><\/p>\n","protected":false},"excerpt":{"rendered":"<p>RESSOURCES MANUEL DE FORMATION Un cours de formation en ligne pour les personnes \u00e2g\u00e9es et les migrants qui souhaitent devenir auteurs de mat\u00e9riel d&rsquo;apprentissage num\u00e9rique..<\/p>\n","protected":false},"author":3,"featured_media":0,"parent":0,"menu_order":0,"comment_status":"closed","ping_status":"closed","template":"","meta":{"_acf_changed":false,"footnotes":""},"class_list":["post-1918","page","type-page","status-publish","hentry"],"acf":[],"yoast_head":"<!-- This site is optimized with the Yoast SEO plugin v27.0 - https:\/\/yoast.com\/product\/yoast-seo-wordpress\/ -->\n<title>Ressources - TRACEUS<\/title>\n<meta name=\"description\" content=\"Traditions, Recipes, &amp; Cuisines of Europe using Smartphones\" \/>\n<meta name=\"robots\" content=\"index, follow, max-snippet:-1, max-image-preview:large, max-video-preview:-1\" \/>\n<link rel=\"canonical\" href=\"https:\/\/traceus.eu\/fr\/resources\/\" \/>\n<meta property=\"og:locale\" content=\"fr_FR\" \/>\n<meta property=\"og:type\" content=\"article\" \/>\n<meta property=\"og:title\" content=\"Ressources - TRACEUS\" \/>\n<meta property=\"og:description\" content=\"Traditions, Recipes, &amp; Cuisines of Europe using Smartphones\" \/>\n<meta property=\"og:url\" content=\"https:\/\/traceus.eu\/fr\/resources\/\" \/>\n<meta property=\"og:site_name\" content=\"TRACEUS\" \/>\n<meta property=\"article:modified_time\" content=\"2022-09-30T05:02:27+00:00\" \/>\n<meta name=\"twitter:card\" content=\"summary_large_image\" \/>\n<meta name=\"twitter:label1\" content=\"Dur\u00e9e de lecture estim\u00e9e\" \/>\n\t<meta name=\"twitter:data1\" content=\"1 minute\" \/>\n<script type=\"application\/ld+json\" class=\"yoast-schema-graph\">{\"@context\":\"https:\/\/schema.org\",\"@graph\":[{\"@type\":\"WebPage\",\"@id\":\"https:\/\/traceus.eu\/fr\/resources\/\",\"url\":\"https:\/\/traceus.eu\/fr\/resources\/\",\"name\":\"Ressources - TRACEUS\",\"isPartOf\":{\"@id\":\"https:\/\/traceus.eu\/#website\"},\"datePublished\":\"2021-02-17T11:29:33+00:00\",\"dateModified\":\"2022-09-30T05:02:27+00:00\",\"description\":\"Traditions, Recipes, & Cuisines of Europe using Smartphones\",\"breadcrumb\":{\"@id\":\"https:\/\/traceus.eu\/fr\/resources\/#breadcrumb\"},\"inLanguage\":\"fr-FR\",\"potentialAction\":[{\"@type\":\"ReadAction\",\"target\":[\"https:\/\/traceus.eu\/fr\/resources\/\"]}]},{\"@type\":\"BreadcrumbList\",\"@id\":\"https:\/\/traceus.eu\/fr\/resources\/#breadcrumb\",\"itemListElement\":[{\"@type\":\"ListItem\",\"position\":1,\"name\":\"Home\",\"item\":\"https:\/\/traceus.eu\/fr\/\"},{\"@type\":\"ListItem\",\"position\":2,\"name\":\"Ressources\"}]},{\"@type\":\"WebSite\",\"@id\":\"https:\/\/traceus.eu\/#website\",\"url\":\"https:\/\/traceus.eu\/\",\"name\":\"TRACEUS\",\"description\":\"Traditions, Recipes, &amp; Cuisines of Europe using Smartphones\",\"publisher\":{\"@id\":\"https:\/\/traceus.eu\/#organization\"},\"potentialAction\":[{\"@type\":\"SearchAction\",\"target\":{\"@type\":\"EntryPoint\",\"urlTemplate\":\"https:\/\/traceus.eu\/?s={search_term_string}\"},\"query-input\":{\"@type\":\"PropertyValueSpecification\",\"valueRequired\":true,\"valueName\":\"search_term_string\"}}],\"inLanguage\":\"fr-FR\"},{\"@type\":\"Organization\",\"@id\":\"https:\/\/traceus.eu\/#organization\",\"name\":\"TRACEUS\",\"url\":\"https:\/\/traceus.eu\/\",\"logo\":{\"@type\":\"ImageObject\",\"inLanguage\":\"fr-FR\",\"@id\":\"https:\/\/traceus.eu\/#\/schema\/logo\/image\/\",\"url\":\"https:\/\/traceus.eu\/wp-content\/uploads\/2021\/04\/2021-04-13-09_56_48-Window.png\",\"contentUrl\":\"https:\/\/traceus.eu\/wp-content\/uploads\/2021\/04\/2021-04-13-09_56_48-Window.png\",\"width\":826,\"height\":690,\"caption\":\"TRACEUS\"},\"image\":{\"@id\":\"https:\/\/traceus.eu\/#\/schema\/logo\/image\/\"}}]}<\/script>\n<!-- \/ Yoast SEO plugin. -->","yoast_head_json":{"title":"Ressources - TRACEUS","description":"Traditions, Recipes, & Cuisines of Europe using Smartphones","robots":{"index":"index","follow":"follow","max-snippet":"max-snippet:-1","max-image-preview":"max-image-preview:large","max-video-preview":"max-video-preview:-1"},"canonical":"https:\/\/traceus.eu\/fr\/resources\/","og_locale":"fr_FR","og_type":"article","og_title":"Ressources - TRACEUS","og_description":"Traditions, Recipes, & Cuisines of Europe using Smartphones","og_url":"https:\/\/traceus.eu\/fr\/resources\/","og_site_name":"TRACEUS","article_modified_time":"2022-09-30T05:02:27+00:00","twitter_card":"summary_large_image","twitter_misc":{"Dur\u00e9e de lecture estim\u00e9e":"1 minute"},"schema":{"@context":"https:\/\/schema.org","@graph":[{"@type":"WebPage","@id":"https:\/\/traceus.eu\/fr\/resources\/","url":"https:\/\/traceus.eu\/fr\/resources\/","name":"Ressources - TRACEUS","isPartOf":{"@id":"https:\/\/traceus.eu\/#website"},"datePublished":"2021-02-17T11:29:33+00:00","dateModified":"2022-09-30T05:02:27+00:00","description":"Traditions, Recipes, & Cuisines of Europe using Smartphones","breadcrumb":{"@id":"https:\/\/traceus.eu\/fr\/resources\/#breadcrumb"},"inLanguage":"fr-FR","potentialAction":[{"@type":"ReadAction","target":["https:\/\/traceus.eu\/fr\/resources\/"]}]},{"@type":"BreadcrumbList","@id":"https:\/\/traceus.eu\/fr\/resources\/#breadcrumb","itemListElement":[{"@type":"ListItem","position":1,"name":"Home","item":"https:\/\/traceus.eu\/fr\/"},{"@type":"ListItem","position":2,"name":"Ressources"}]},{"@type":"WebSite","@id":"https:\/\/traceus.eu\/#website","url":"https:\/\/traceus.eu\/","name":"TRACEUS","description":"Traditions, Recipes, &amp; Cuisines of Europe using Smartphones","publisher":{"@id":"https:\/\/traceus.eu\/#organization"},"potentialAction":[{"@type":"SearchAction","target":{"@type":"EntryPoint","urlTemplate":"https:\/\/traceus.eu\/?s={search_term_string}"},"query-input":{"@type":"PropertyValueSpecification","valueRequired":true,"valueName":"search_term_string"}}],"inLanguage":"fr-FR"},{"@type":"Organization","@id":"https:\/\/traceus.eu\/#organization","name":"TRACEUS","url":"https:\/\/traceus.eu\/","logo":{"@type":"ImageObject","inLanguage":"fr-FR","@id":"https:\/\/traceus.eu\/#\/schema\/logo\/image\/","url":"https:\/\/traceus.eu\/wp-content\/uploads\/2021\/04\/2021-04-13-09_56_48-Window.png","contentUrl":"https:\/\/traceus.eu\/wp-content\/uploads\/2021\/04\/2021-04-13-09_56_48-Window.png","width":826,"height":690,"caption":"TRACEUS"},"image":{"@id":"https:\/\/traceus.eu\/#\/schema\/logo\/image\/"}}]}},"_links":{"self":[{"href":"https:\/\/traceus.eu\/fr\/wp-json\/wp\/v2\/pages\/1918","targetHints":{"allow":["GET"]}}],"collection":[{"href":"https:\/\/traceus.eu\/fr\/wp-json\/wp\/v2\/pages"}],"about":[{"href":"https:\/\/traceus.eu\/fr\/wp-json\/wp\/v2\/types\/page"}],"author":[{"embeddable":true,"href":"https:\/\/traceus.eu\/fr\/wp-json\/wp\/v2\/users\/3"}],"replies":[{"embeddable":true,"href":"https:\/\/traceus.eu\/fr\/wp-json\/wp\/v2\/comments?post=1918"}],"version-history":[{"count":5,"href":"https:\/\/traceus.eu\/fr\/wp-json\/wp\/v2\/pages\/1918\/revisions"}],"predecessor-version":[{"id":2141,"href":"https:\/\/traceus.eu\/fr\/wp-json\/wp\/v2\/pages\/1918\/revisions\/2141"}],"wp:attachment":[{"href":"https:\/\/traceus.eu\/fr\/wp-json\/wp\/v2\/media?parent=1918"}],"curies":[{"name":"wp","href":"https:\/\/api.w.org\/{rel}","templated":true}]}}